{"id":100,"date":"2019-05-29T16:44:03","date_gmt":"2019-05-29T16:44:03","guid":{"rendered":"http:\/\/1.foerderzentrum-poing.de\/?page_id=100"},"modified":"2020-01-30T18:47:03","modified_gmt":"2020-01-30T18:47:03","slug":"schulsozialarbeit","status":"publish","type":"page","link":"https:\/\/foerderzentrum-poing.de\/?page_id=100","title":{"rendered":"Jugendsozialarbeit an Schulen (JaS)"},"content":{"rendered":"<p><span style=\"color: #000000;\">Tr\u00e4ger der Jugendsozialarbeit an der Seerosenschule ist das Kreisjugendamt Ebersberg.<\/span><\/p>\n<h4><span style=\"color: #000000;\">An wen richtet sich das Beratungsangebot?<\/span><\/h4>\n<p><span style=\"color: #000000;\">Jugendsozialarbeit an Schulen richtet sich an Kinder und Jugendliche, die besondere Unterst\u00fctzung bei schulischen, pers\u00f6nlichen oder famili\u00e4ren Problemen ben\u00f6tigen.<\/span><\/p>\n<h4><span style=\"color: #000000;\">An die Sch\u00fcler\/-innen:<\/span><\/h4>\n<ul>\n<li><span style=\"color: #000000;\">bei Konflikten in der Familie oder im Freundeskreis<\/span><\/li>\n<li><span style=\"color: #000000;\">bei pers\u00f6nlichen Problemen<\/span><\/li>\n<li><span style=\"color: #000000;\">bei Schwierigkeiten in der Schule<\/span><\/li>\n<li><span style=\"color: #000000;\">beim \u00dcbergang von der Schule in den Beruf<\/span><\/li>\n<\/ul>\n<h4><span style=\"color: #000000;\">An die Eltern:<\/span><\/h4>\n<ul>\n<li><span style=\"color: #000000;\">Unterst\u00fctzung bei Erziehungsfragen<\/span><\/li>\n<li><span style=\"color: #000000;\">bei der Vermittlung in au\u00dferschulische Einrichtungen und Beratungsstellen<\/span><\/li>\n<li><span style=\"color: #000000;\">beim Kontakt zwischen Elternhaus und Schule<\/span><\/li>\n<\/ul>\n<h4><span style=\"color: #000000;\">An die Lehrer\/-innen:<\/span><\/h4>\n<ul>\n<li><span style=\"color: #000000;\">bei der Unterst\u00fctzung in Einzelf\u00e4llen<\/span><\/li>\n<li><span style=\"color: #000000;\">bei sozialer Gruppenarbeit<\/span><\/li>\n<li><span style=\"color: #000000;\">zur Vernetzung und Kooperation mit anderen Institutionen<\/span><\/li>\n<\/ul>\n<h4><span style=\"color: #000000;\">Wie arbeitet Jugendsozialarbeit?<\/span><\/h4>\n<p><span style=\"color: #000000;\">Sie ber\u00e4t und unterst\u00fctzt Klientinnen und Klienten. Dabei legt sie gro\u00dfen Wert, die vorhandenen Ressourcen und Kompetenzen zu betrachten und die bisherigen Handlungs- und Lebensstrategien zu respektieren. Es werden ausschlie\u00dflich gemeinsam Ziele erarbeitet.<\/span><\/p>\n<p><span style=\"color: #000000;\">Die Inanspruchnahme der Jugendsozialarbeit erfolgt (in der Regel) freiwillig.<\/span><\/p>\n<p><span style=\"color: #000000;\">Die Jugendsozialarbeit nimmt eine eigenst\u00e4ndige und neutrale Position innerhalb der Schule ein und ist nicht der Schulleitung unterstellt.<\/span><\/p>\n<p><span style=\"color: #000000;\">Die Inhalte der Gespr\u00e4che werden vertraulich behandelt und die Beratung ist kostenlos.<\/span><\/p>\n<h4><span style=\"color: #000000;\">Wer ist Ansprechpartner\/In f\u00fcr JaS an der Seerosenschule?<\/span><\/h4>\n<p><span style=\"color: #000000;\">Alex Helwer<img loading=\"lazy\" decoding=\"async\" class=\"size-medium wp-image-434 alignleft\" src=\"http:\/\/1.foerderzentrum-poing.de\/wp-content\/uploads\/2020\/01\/JAS-2020-300x200.jpg\" alt=\"\" width=\"300\" height=\"200\" srcset=\"https:\/\/foerderzentrum-poing.de\/wp-content\/uploads\/2020\/01\/JAS-2020-300x200.jpg 300w, https:\/\/foerderzentrum-poing.de\/wp-content\/uploads\/2020\/01\/JAS-2020-1024x683.jpg 1024w, https:\/\/foerderzentrum-poing.de\/wp-content\/uploads\/2020\/01\/JAS-2020-768x512.jpg 768w, https:\/\/foerderzentrum-poing.de\/wp-content\/uploads\/2020\/01\/JAS-2020-1536x1024.jpg 1536w, https:\/\/foerderzentrum-poing.de\/wp-content\/uploads\/2020\/01\/JAS-2020-2048x1365.jpg 2048w\" sizes=\"auto, (max-width: 300px) 100vw, 300px\" \/><\/span><br \/>\n<span style=\"color: #000000;\">Seerosenstra\u00dfe 19<\/span><br \/>\n<span style=\"color: #000000;\">85586 Poing<\/span><br \/>\n<span style=\"color: #000000;\">Tel. 08121\/7794-64<\/span><br \/>\n<span style=\"color: #000000;\">mail: <a href=\"mailto:alex.helwer@seerosenschule-poing.de\">alex.helwer@seerosenschule-poing.de<\/a><\/span><\/p>\n<p><span style=\"color: #000000;\">Die Sprechzeiten an der Schule erfragen Sie bitte unter der angegebenen Telefonnummer.<\/span><\/p>\n","protected":false},"excerpt":{"rendered":"<p>Tr\u00e4ger der Jugendsozialarbeit an der Seerosenschule ist das Kreisjugendamt Ebersberg. An wen richtet sich das Beratungsangebot? Jugendsozialarbeit an Schulen richtet sich an Kinder und Jugendliche, die besondere Unterst\u00fctzung bei schulischen, pers\u00f6nlichen oder famili\u00e4ren Problemen ben\u00f6tigen. An die Sch\u00fcler\/-innen: bei Konflikten in der Familie oder im Freundeskreis bei pers\u00f6nlichen Problemen bei Schwierigkeiten in der Schule beim \u00dcbergang von der Schule in<\/p>\n","protected":false},"author":1,"featured_media":0,"parent":0,"menu_order":0,"comment_status":"closed","ping_status":"closed","template":"","meta":{"footnotes":""},"class_list":["post-100","page","type-page","status-publish","hentry"],"_links":{"self":[{"href":"https:\/\/foerderzentrum-poing.de\/index.php?rest_route=\/wp\/v2\/pages\/100","targetHints":{"allow":["GET"]}}],"collection":[{"href":"https:\/\/foerderzentrum-poing.de\/index.php?rest_route=\/wp\/v2\/pages"}],"about":[{"href":"https:\/\/foerderzentrum-poing.de\/index.php?rest_route=\/wp\/v2\/types\/page"}],"author":[{"embeddable":true,"href":"https:\/\/foerderzentrum-poing.de\/index.php?rest_route=\/wp\/v2\/users\/1"}],"replies":[{"embeddable":true,"href":"https:\/\/foerderzentrum-poing.de\/index.php?rest_route=%2Fwp%2Fv2%2Fcomments&post=100"}],"version-history":[{"count":18,"href":"https:\/\/foerderzentrum-poing.de\/index.php?rest_route=\/wp\/v2\/pages\/100\/revisions"}],"predecessor-version":[{"id":436,"href":"https:\/\/foerderzentrum-poing.de\/index.php?rest_route=\/wp\/v2\/pages\/100\/revisions\/436"}],"wp:attachment":[{"href":"https:\/\/foerderzentrum-poing.de\/index.php?rest_route=%2Fwp%2Fv2%2Fmedia&parent=100"}],"curies":[{"name":"wp","href":"https:\/\/api.w.org\/{rel}","templated":true}]}}