{"id":109,"date":"2019-05-29T16:47:06","date_gmt":"2019-05-29T16:47:06","guid":{"rendered":"http:\/\/1.foerderzentrum-poing.de\/?page_id=109"},"modified":"2025-07-03T14:30:37","modified_gmt":"2025-07-03T13:30:37","slug":"schule-ohne-rassismus","status":"publish","type":"page","link":"https:\/\/foerderzentrum-poing.de\/?page_id=109","title":{"rendered":"Courage"},"content":{"rendered":"<p><span style=\"color: #333333;\"><img loading=\"lazy\" decoding=\"async\" class=\"size-medium wp-image-193 aligncenter\" src=\"http:\/\/1.foerderzentrum-poing.de\/wp-content\/uploads\/2019\/08\/Schule-mit-Courage-300x106.jpg\" alt=\"\" width=\"300\" height=\"106\" srcset=\"https:\/\/foerderzentrum-poing.de\/wp-content\/uploads\/2019\/08\/Schule-mit-Courage-300x106.jpg 300w, https:\/\/foerderzentrum-poing.de\/wp-content\/uploads\/2019\/08\/Schule-mit-Courage.jpg 490w\" sizes=\"auto, (max-width: 300px) 100vw, 300px\" \/><\/span><\/p>\n<h3><span style=\"color: #3366ff;\">Schule ohne Rassismus- Schule mit Courage<\/span><\/h3>\n<p><span style=\"color: #333333;\">Die Heterogenit\u00e4t in Deutschland und auch an unserer Schule wird immer gr\u00f6\u00dfer und wir m\u00fcssen gemeinsam einen Weg finden, damit gut umzugehen und die positiven Aspekte davon herauszuarbeiten. Jedoch f\u00fchrt die Heterogenit\u00e4t im Schulalltag auch h\u00e4ufig zu Konflikten.<\/span><\/p>\n<p><span style=\"color: #333333;\">Um dem entgegenzuwirken, hat sich die Schulfamilie der Seerosenschule entschlossen, eine \u201eSchule ohne Rassismus- Schule mit Courage\u201c zu werden. Dies bedeutet, dass sich \u00fcber 70 % aller an unserer Schule Lernenden und Lehrenden daf\u00fcr ausgesprochen haben, sich gemeinsam gegen jede Form der Diskriminierung einzusetzen und aktiv bei Konflikten einzugreifen. Es geht hierbei ausdr\u00fccklich nicht nur um Rassismus, sondern um die Diskriminierung von einzelnen aus verschiedensten Gr\u00fcnden (Religion, soziale Herkunft, etc.)<\/span><\/p>\n<p><span style=\"color: #333333;\">Dies wird durch regelm\u00e4\u00dfige Projekttage\/-wochen unterst\u00fctzt. Wichtig ist, dass sich die Sch\u00fclerinnen und Sch\u00fcler aller Altersstufen auf ihrem Niveau und in ihrem Interessensbereich mit diesem Thema auseinandersetzen. F\u00fcr n\u00e4chstes Jahr ist eine schul(-art)\u00fcbergreifende Projektwoche mit den beiden angrenzenden Schulen geplant.\u00a0<\/span><\/p>\n<p><span style=\"color: #333333;\"><strong>Weitere Informationen: <\/strong><a style=\"color: #333333;\" href=\"http:\/\/www.schule-ohne-rassismus.org\" target=\"_blank\" rel=\"noopener noreferrer\"><strong>http:\/\/www.schule-ohne-rassismus.org<\/strong><\/a><\/span><\/p>\n","protected":false},"excerpt":{"rendered":"<p>Schule ohne Rassismus- Schule mit Courage Die Heterogenit\u00e4t in Deutschland und auch an unserer Schule wird immer gr\u00f6\u00dfer und wir m\u00fcssen gemeinsam einen Weg finden, damit gut umzugehen und die positiven Aspekte davon herauszuarbeiten. Jedoch f\u00fchrt die Heterogenit\u00e4t im Schulalltag auch h\u00e4ufig zu Konflikten. Um dem entgegenzuwirken, hat sich die Schulfamilie der Seerosenschule entschlossen, eine \u201eSchule ohne Rassismus- Schule mit<\/p>\n","protected":false},"author":1,"featured_media":0,"parent":0,"menu_order":0,"comment_status":"closed","ping_status":"closed","template":"","meta":{"footnotes":""},"class_list":["post-109","page","type-page","status-publish","hentry"],"_links":{"self":[{"href":"https:\/\/foerderzentrum-poing.de\/index.php?rest_route=\/wp\/v2\/pages\/109","targetHints":{"allow":["GET"]}}],"collection":[{"href":"https:\/\/foerderzentrum-poing.de\/index.php?rest_route=\/wp\/v2\/pages"}],"about":[{"href":"https:\/\/foerderzentrum-poing.de\/index.php?rest_route=\/wp\/v2\/types\/page"}],"author":[{"embeddable":true,"href":"https:\/\/foerderzentrum-poing.de\/index.php?rest_route=\/wp\/v2\/users\/1"}],"replies":[{"embeddable":true,"href":"https:\/\/foerderzentrum-poing.de\/index.php?rest_route=%2Fwp%2Fv2%2Fcomments&post=109"}],"version-history":[{"count":10,"href":"https:\/\/foerderzentrum-poing.de\/index.php?rest_route=\/wp\/v2\/pages\/109\/revisions"}],"predecessor-version":[{"id":732,"href":"https:\/\/foerderzentrum-poing.de\/index.php?rest_route=\/wp\/v2\/pages\/109\/revisions\/732"}],"wp:attachment":[{"href":"https:\/\/foerderzentrum-poing.de\/index.php?rest_route=%2Fwp%2Fv2%2Fmedia&parent=109"}],"curies":[{"name":"wp","href":"https:\/\/api.w.org\/{rel}","templated":true}]}}