{"id":121,"date":"2019-05-29T17:04:25","date_gmt":"2019-05-29T17:04:25","guid":{"rendered":"http:\/\/1.foerderzentrum-poing.de\/?page_id=121"},"modified":"2025-07-03T14:28:13","modified_gmt":"2025-07-03T13:28:13","slug":"angebote","status":"publish","type":"page","link":"https:\/\/foerderzentrum-poing.de\/?page_id=121","title":{"rendered":"Angebote"},"content":{"rendered":"<h3><span style=\"color: #3366ff;\">Allgemeines<\/span><\/h3>\r\n<p><span style=\"color: #333333;\">Die Seerosenschule verf\u00fcgt \u00fcber eine Vielzahl von Angeboten in den verschiedensten Bereichen, die durch das Engagement von Lehrkr\u00e4ften und Honorarkr\u00e4ften auch oftmals mit Hilfe von Kooperationspartnern verwirklicht werden. Neben sportlichen, musischen und k\u00fcnstlerischen Angeboten gibt es auch unterst\u00fctzende Angebote, die den besonderen Bed\u00fcrfnissen unserer Sch\u00fclerinnen und Sch\u00fcler im emotional-sozialen Bereich Rechnung tragen. Eine Auswahl der Angebote finden Sie hier und auch im Bereich Ganztag.<br \/><\/span><\/p>\r\n\r\n<p>&nbsp;<\/p>\r\n","protected":false},"excerpt":{"rendered":"<p>Allgemeines Die Seerosenschule verf\u00fcgt \u00fcber eine Vielzahl von Angeboten in den verschiedensten Bereichen, die durch das Engagement von Lehrkr\u00e4ften und Honorarkr\u00e4ften auch oftmals mit Hilfe von Kooperationspartnern verwirklicht werden. Neben sportlichen, musischen und k\u00fcnstlerischen Angeboten gibt es auch unterst\u00fctzende Angebote, die den besonderen Bed\u00fcrfnissen unserer Sch\u00fclerinnen und Sch\u00fcler im emotional-sozialen Bereich Rechnung tragen. Eine Auswahl der Angebote finden Sie hier<\/p>\n","protected":false},"author":1,"featured_media":0,"parent":0,"menu_order":0,"comment_status":"closed","ping_status":"closed","template":"","meta":{"footnotes":""},"class_list":["post-121","page","type-page","status-publish","hentry"],"_links":{"self":[{"href":"https:\/\/foerderzentrum-poing.de\/index.php?rest_route=\/wp\/v2\/pages\/121","targetHints":{"allow":["GET"]}}],"collection":[{"href":"https:\/\/foerderzentrum-poing.de\/index.php?rest_route=\/wp\/v2\/pages"}],"about":[{"href":"https:\/\/foerderzentrum-poing.de\/index.php?rest_route=\/wp\/v2\/types\/page"}],"author":[{"embeddable":true,"href":"https:\/\/foerderzentrum-poing.de\/index.php?rest_route=\/wp\/v2\/users\/1"}],"replies":[{"embeddable":true,"href":"https:\/\/foerderzentrum-poing.de\/index.php?rest_route=%2Fwp%2Fv2%2Fcomments&post=121"}],"version-history":[{"count":7,"href":"https:\/\/foerderzentrum-poing.de\/index.php?rest_route=\/wp\/v2\/pages\/121\/revisions"}],"predecessor-version":[{"id":1670,"href":"https:\/\/foerderzentrum-poing.de\/index.php?rest_route=\/wp\/v2\/pages\/121\/revisions\/1670"}],"wp:attachment":[{"href":"https:\/\/foerderzentrum-poing.de\/index.php?rest_route=%2Fwp%2Fv2%2Fmedia&parent=121"}],"curies":[{"name":"wp","href":"https:\/\/api.w.org\/{rel}","templated":true}]}}