{"id":1306,"date":"2023-04-25T09:23:33","date_gmt":"2023-04-25T08:23:33","guid":{"rendered":"http:\/\/1.foerderzentrum-poing.de\/?page_id=1306"},"modified":"2024-11-05T13:09:41","modified_gmt":"2024-11-05T12:09:41","slug":"sve-2","status":"publish","type":"page","link":"https:\/\/foerderzentrum-poing.de\/?page_id=1306","title":{"rendered":"SVE"},"content":{"rendered":"<h3><span style=\"color: #0000ff;\">Schulvorbereitende Einrichtung (SVE)<\/span><\/h3>\n<p>Die SVE ist dem Sonderp\u00e4dagogischen F\u00f6rderzentrum \u201eSeerosenschule\u201c angegliedert. Unser Einzugsgebiet ist der n\u00f6rdliche Landkreis Ebersberg. Die SVE ist f\u00fcr die Eltern kostenfrei.<br \/>\nDie Kinder werden mit Schulbussen transportiert.<br \/>\nDie Aufnahme in die SVE erfolgt \u00fcber die schuleigene Beratungsstelle. Eine Sonderp\u00e4dagogin f\u00fchrt mit den Eltern ein Anamnesegespr\u00e4ch und \u00fcberpr\u00fcft den Entwicklungsstand des Kindes.<\/p>\n<p>Die \u00d6ffnungszeiten sind denen der Schule angepasst, d.h. die bayerischen Schulferien sind auch SVE-Ferien. Unsere Betreuungszeiten sind: Mo-Mi, Fr 07:45 Uhr \u2013 12:20 Uhr und Do 07:45 Uhr \u2013 11:15 Uhr.<br \/>\nBei Bedarf wird auch eine SVE-Anschlussbetreuung durch unseren Kooperationspartner \u201e<em>Kinderland-plus gGmbH<\/em>\u201c angeboten.<\/p>\n<p>Die Schulvorbereitende Einrichtung arbeitet mit vier- bis sechsj\u00e4hrigen Kindern mit Entwicklungsverz\u00f6gerungen. Unsere Kinder zeigen in einem oder mehreren der folgenden Bereiche einen sonderp\u00e4dagogischen F\u00f6rderbedarf:<\/p>\n<ul>\n<li>im sprachlichen Bereich<\/li>\n<li>im Bereich der Wahrnehmung<\/li>\n<li>in der Motorik<\/li>\n<li>im Lernen<\/li>\n<li>im sozialen und emotionalen Bereich<\/li>\n<li>in der Konzentration und\u00a0 Aufmerksamkeit<\/li>\n<\/ul>\n<h4><span style=\"color: #0000ff;\"><strong>Unsere Zielsetzung:<\/strong><\/span><\/h4>\n<ul>\n<li>jedes Kind entsprechend seiner F\u00e4higkeiten und M\u00f6glichkeiten f\u00f6rdern<\/li>\n<li>die Pers\u00f6nlichkeitsfindung unterst\u00fctzen<\/li>\n<li>sozial-emotionale Verhaltensweisen st\u00e4rken<\/li>\n<li>vorhandene Entwicklungsr\u00fcckst\u00e4nde und Lernst\u00f6rungen ausgleichen<\/li>\n<li>Schulbereitschaft und Schulf\u00e4higkeit f\u00f6rdern<\/li>\n<li>die Integration in die wohnortnahe Grundschule anstreben<\/li>\n<li>enge Zusammenarbeit mit den Eltern<\/li>\n<li><strong>Das Lernen in entspannter und harmonischer Atmosph\u00e4re ist uns dabei sehr wichtig.<\/strong><\/li>\n<\/ul>\n<h4><span style=\"color: #0000ff;\">Gruppen<\/span><\/h4>\n<p>Es bestehen zwei geschlechts- und altersgemischte Gruppen mit maximal 10 Kindern im Alter von 4 \u2013 6 Jahren.<\/p>\n<h4><span style=\"color: #0000ff;\">Personal<\/span><\/h4>\n<ul>\n<li>Heilp\u00e4dagogische F\u00f6rderlehrer*innen<\/li>\n<li>Erzieher*innen<\/li>\n<li>Sonderp\u00e4dagog*innen<\/li>\n<li>ggf. Praktikant*innen<\/li>\n<\/ul>\n<p style=\"text-align: center;\"><img loading=\"lazy\" decoding=\"async\" class=\"alignnone size-medium wp-image-1559\" src=\"http:\/\/1.foerderzentrum-poing.de\/wp-content\/uploads\/2024\/11\/IMG_3260-Copy1-300x225.jpeg\" alt=\"\" width=\"300\" height=\"225\" srcset=\"https:\/\/foerderzentrum-poing.de\/wp-content\/uploads\/2024\/11\/IMG_3260-Copy1-300x225.jpeg 300w, https:\/\/foerderzentrum-poing.de\/wp-content\/uploads\/2024\/11\/IMG_3260-Copy1-1024x768.jpeg 1024w, https:\/\/foerderzentrum-poing.de\/wp-content\/uploads\/2024\/11\/IMG_3260-Copy1-768x576.jpeg 768w, https:\/\/foerderzentrum-poing.de\/wp-content\/uploads\/2024\/11\/IMG_3260-Copy1-1536x1152.jpeg 1536w, https:\/\/foerderzentrum-poing.de\/wp-content\/uploads\/2024\/11\/IMG_3260-Copy1-2048x1537.jpeg 2048w\" sizes=\"auto, (max-width: 300px) 100vw, 300px\" \/><\/p>\n<h4><span style=\"color: #0000ff;\">Unsere F\u00f6rderangebote<\/span><\/h4>\n<ul>\n<li>spiel \u2013 und handlungsorientierte Wahrnehmungsf\u00f6rderung<\/li>\n<li>gezielte Sprachf\u00f6rderung in Kleingruppen<\/li>\n<li>Motorik (Fein- und Grobmotorik)<\/li>\n<li>Kognition (z.B. Raum-, Mengen- und Zahlenvorstellung, Farb- und Formbegriffe, Merkf\u00e4higkeit)<\/li>\n<li>Konzentrationstraining<\/li>\n<li>lebenspraktische Aufgaben<\/li>\n<li>rhythmisch \u2013 musikalische F\u00f6rderung<\/li>\n<li>Entspannungs\u00fcbungen<\/li>\n<li>F\u00f6rderung der Schulf\u00e4higkeit und Schulbereitschaft<\/li>\n<\/ul>\n","protected":false},"excerpt":{"rendered":"<p>Schulvorbereitende Einrichtung (SVE) Die SVE ist dem Sonderp\u00e4dagogischen F\u00f6rderzentrum \u201eSeerosenschule\u201c angegliedert. Unser Einzugsgebiet ist der n\u00f6rdliche Landkreis Ebersberg. Die SVE ist f\u00fcr die Eltern kostenfrei. Die Kinder werden mit Schulbussen transportiert. Die Aufnahme in die SVE erfolgt \u00fcber die schuleigene Beratungsstelle. Eine Sonderp\u00e4dagogin f\u00fchrt mit den Eltern ein Anamnesegespr\u00e4ch und \u00fcberpr\u00fcft den Entwicklungsstand des Kindes. Die \u00d6ffnungszeiten sind denen der<\/p>\n","protected":false},"author":5,"featured_media":0,"parent":0,"menu_order":1,"comment_status":"closed","ping_status":"closed","template":"","meta":{"footnotes":""},"class_list":["post-1306","page","type-page","status-publish","hentry"],"_links":{"self":[{"href":"https:\/\/foerderzentrum-poing.de\/index.php?rest_route=\/wp\/v2\/pages\/1306","targetHints":{"allow":["GET"]}}],"collection":[{"href":"https:\/\/foerderzentrum-poing.de\/index.php?rest_route=\/wp\/v2\/pages"}],"about":[{"href":"https:\/\/foerderzentrum-poing.de\/index.php?rest_route=\/wp\/v2\/types\/page"}],"author":[{"embeddable":true,"href":"https:\/\/foerderzentrum-poing.de\/index.php?rest_route=\/wp\/v2\/users\/5"}],"replies":[{"embeddable":true,"href":"https:\/\/foerderzentrum-poing.de\/index.php?rest_route=%2Fwp%2Fv2%2Fcomments&post=1306"}],"version-history":[{"count":5,"href":"https:\/\/foerderzentrum-poing.de\/index.php?rest_route=\/wp\/v2\/pages\/1306\/revisions"}],"predecessor-version":[{"id":1647,"href":"https:\/\/foerderzentrum-poing.de\/index.php?rest_route=\/wp\/v2\/pages\/1306\/revisions\/1647"}],"wp:attachment":[{"href":"https:\/\/foerderzentrum-poing.de\/index.php?rest_route=%2Fwp%2Fv2%2Fmedia&parent=1306"}],"curies":[{"name":"wp","href":"https:\/\/api.w.org\/{rel}","templated":true}]}}