{"id":136,"date":"2019-05-29T17:06:34","date_gmt":"2019-05-29T17:06:34","guid":{"rendered":"http:\/\/1.foerderzentrum-poing.de\/?page_id=136"},"modified":"2025-07-02T13:20:13","modified_gmt":"2025-07-02T12:20:13","slug":"schuelerchor","status":"publish","type":"page","link":"https:\/\/foerderzentrum-poing.de\/?page_id=136","title":{"rendered":"Musik-Angebote"},"content":{"rendered":"<h3><span style=\"color: #3366ff;\"><strong>Musikalische Angebote<br \/>\n<\/strong><\/span><\/h3>\n<h4><span style=\"color: #3366ff;\">Schulband: Die Seerocker<\/span><\/h4>\n<p>In der Schulband erarbeiten zwei erfahrene Bandleader (Kollegen aus dem Haus) mit einem Stamm von ca. 14 Sch\u00fclerinnen und Sch\u00fclern ein stetig wachsendes Repertoire aus fetzigen St\u00fccken und treten innerhalb der Schule, aber auch au\u00dferhalb auf.<\/p>\n<p>Sch\u00fclerinnen und Sch\u00fcler lernen hier das Spielen verschiedener Instrumente. Durch das Lernen der Instrumente werden sowohl die Feinmotorik als auch das Geh\u00f6r und das Rhythmusgef\u00fchl trainiert und verbessert. Au\u00dferdem wird durch gelungene Proben und erfolgreiche Auftritte das Selbstvertrauen der Jugendlichen gest\u00e4rkt.<\/p>\n<h4><span style=\"color: #3366ff;\"><strong>Ukulele-Gruppe<\/strong><\/span><\/h4>\n<p><span style=\"color: #333333;\">In einer kleinen Gruppe erlernen Sch\u00fclerinnen und Sch\u00fcler in einer Schulstunde pro Woche verschiedene Aufw\u00e4rmtechniken f\u00fcr K\u00f6rper, Stimme und Lunge kennen und singen Lieder aus verschiedenen Genres sowohl auf Deutsch als auch auf Englisch. Durch die Begleitung der Lieder mit der Ukulele wird sowohl das Rhythmusgef\u00fchl geschult als auch die Treffsicherheit von T\u00f6nen erh\u00f6ht. W\u00e4hrend dieser Musikstunden lernen die Sch\u00fclerinnen und Sch\u00fcler ihre Stimme bewusst und wirksam einzusetzen, das Halten von Rhythmen und Tonlagen und das korrekte Ukulelespiel von vorgegebenen Melodien. Zudem wird das Geh\u00f6r der Musiker geschult.<\/span><\/p>\n<p><span style=\"color: #333333;\">Vor allem Teamf\u00e4higkeit und Selbstbewusstsein bereichern die Sch\u00fclerinnen und Sch\u00fcler nicht nur in der direkten Arbeit mit der Musik, sondern auch in allen anderen Bereichen des Lebens.<\/span><\/p>\n<h4><span style=\"color: #3366ff;\"><strong>Bl\u00e4sergruppe<\/strong><\/span><\/h4>\n<p><span style=\"color: #333333;\">In der Bl\u00e4sergruppe lernen Sch\u00fclerinnen und Sch\u00fcler verschiedene Blasinstrumente kennen und erwerben die F\u00e4higkeit, diese zu spielen. Dies geschieht unter der Leitung eines professionellen Musiklehrers. Die angebotenen Instrumente sind Klarinette, Clarineau und Saxophon. Ebenso trainieren die Musiker ihre Atmung, indem sie mit einem gleichm\u00e4\u00dfigen Luftstrom saubere T\u00f6ne produzieren, verbessern durch regelm\u00e4\u00dfiges \u00dcben ihre Lungenfunktion und st\u00e4rken durch die ben\u00f6tigte Bauchst\u00fctze ihre Rumpf- und Tiefenmuskulatur.\u00a0 Auch das Selbstvertrauen wird durch den Erwerb neuer F\u00e4higkeiten vergr\u00f6\u00dfert. Dadurch, dass die Sch\u00fcler und Sch\u00fclerinnen ihr jeweiliges Instrument zum \u00dcben mit nach Hause nehmen d\u00fcrfen, lernen sie zudem, Verantwortung f\u00fcr das Eigentum anderer zu \u00fcbernehmen.<\/span><\/p>\n","protected":false},"excerpt":{"rendered":"<p>Musikalische Angebote Schulband: Die Seerocker In der Schulband erarbeiten zwei erfahrene Bandleader (Kollegen aus dem Haus) mit einem Stamm von ca. 14 Sch\u00fclerinnen und Sch\u00fclern ein stetig wachsendes Repertoire aus fetzigen St\u00fccken und treten innerhalb der Schule, aber auch au\u00dferhalb auf. Sch\u00fclerinnen und Sch\u00fcler lernen hier das Spielen verschiedener Instrumente. Durch das Lernen der Instrumente werden sowohl die Feinmotorik als<\/p>\n","protected":false},"author":1,"featured_media":0,"parent":0,"menu_order":0,"comment_status":"closed","ping_status":"closed","template":"","meta":{"footnotes":""},"class_list":["post-136","page","type-page","status-publish","hentry"],"_links":{"self":[{"href":"https:\/\/foerderzentrum-poing.de\/index.php?rest_route=\/wp\/v2\/pages\/136","targetHints":{"allow":["GET"]}}],"collection":[{"href":"https:\/\/foerderzentrum-poing.de\/index.php?rest_route=\/wp\/v2\/pages"}],"about":[{"href":"https:\/\/foerderzentrum-poing.de\/index.php?rest_route=\/wp\/v2\/types\/page"}],"author":[{"embeddable":true,"href":"https:\/\/foerderzentrum-poing.de\/index.php?rest_route=\/wp\/v2\/users\/1"}],"replies":[{"embeddable":true,"href":"https:\/\/foerderzentrum-poing.de\/index.php?rest_route=%2Fwp%2Fv2%2Fcomments&post=136"}],"version-history":[{"count":9,"href":"https:\/\/foerderzentrum-poing.de\/index.php?rest_route=\/wp\/v2\/pages\/136\/revisions"}],"predecessor-version":[{"id":1659,"href":"https:\/\/foerderzentrum-poing.de\/index.php?rest_route=\/wp\/v2\/pages\/136\/revisions\/1659"}],"wp:attachment":[{"href":"https:\/\/foerderzentrum-poing.de\/index.php?rest_route=%2Fwp%2Fv2%2Fmedia&parent=136"}],"curies":[{"name":"wp","href":"https:\/\/api.w.org\/{rel}","templated":true}]}}