{"id":205,"date":"2019-10-05T14:30:21","date_gmt":"2019-10-05T14:30:21","guid":{"rendered":"http:\/\/1.foerderzentrum-poing.de\/?page_id=205"},"modified":"2025-07-02T12:57:38","modified_gmt":"2025-07-02T11:57:38","slug":"mensa","status":"publish","type":"page","link":"https:\/\/foerderzentrum-poing.de\/?page_id=205","title":{"rendered":"Mensa"},"content":{"rendered":"<h3><span style=\"color: #3366ff;\">Mensa-News<\/span><\/h3>\n<p><span style=\"color: #333333;\">Die Voraussetzung zum Besuch der Ganztagsangebote an der Seerosenschule ist die Teilnahme an einem gemeinsamen warmen Mittagessen &#8211; so weit die geltenden Vorschriften.<\/span><\/p>\n<p><span style=\"color: #333333;\">Deshalb sind alle Verantwortlichen bem\u00fcht, die Qualit\u00e4t des Mensa-Essens und die Attraktivit\u00e4t des Mensa-Besuches so zu gestalten, dass die Akzeptanz bei Sch\u00fclerinnen und Sch\u00fclern und Eltern gro\u00df bleibt.<\/span><\/p>\n<p><span style=\"color: #333333;\">Damit die Sch\u00fclerinnen, Sch\u00fcler und Eltern dem Caterer &#8222;Speisezeit&#8220; zeitnah R\u00fcckmeldung zum Essen, zum Bestellvorgang etc. geben k\u00f6nnen, gibt es jetzt ein einfaches Kontaktformular auf der Webseite der Realschule Poing:<\/span><\/p>\n<p><a href=\"https:\/\/www.web.dbrsp.de\/index.php\/kontakt-zur-schulmensa\">https:\/\/www.web.dbrsp.de\/index.php\/kontakt-zur-schulmensa<\/a><\/p>\n<p><span style=\"color: #333333;\">Hier k\u00f6nnen Eltern, Lehrkr\u00e4fte und Sch\u00fcler*innen ihre Anliegen vortragen und Gespr\u00e4chstermine mit dem Caterer vereinbaren!<\/span><\/p>\n<p><span style=\"color: #333333;\">Herzlichen Dank an das Webteam der Realschule f\u00fcr diese Seite.<\/span><\/p>\n","protected":false},"excerpt":{"rendered":"<p>Mensa-News Die Voraussetzung zum Besuch der Ganztagsangebote an der Seerosenschule ist die Teilnahme an einem gemeinsamen warmen Mittagessen &#8211; so weit die geltenden Vorschriften. Deshalb sind alle Verantwortlichen bem\u00fcht, die Qualit\u00e4t des Mensa-Essens und die Attraktivit\u00e4t des Mensa-Besuches so zu gestalten, dass die Akzeptanz bei Sch\u00fclerinnen und Sch\u00fclern und Eltern gro\u00df bleibt. Damit die Sch\u00fclerinnen, Sch\u00fcler und Eltern dem Caterer<\/p>\n","protected":false},"author":1,"featured_media":0,"parent":28,"menu_order":0,"comment_status":"closed","ping_status":"closed","template":"","meta":{"footnotes":""},"class_list":["post-205","page","type-page","status-publish","hentry"],"_links":{"self":[{"href":"https:\/\/foerderzentrum-poing.de\/index.php?rest_route=\/wp\/v2\/pages\/205","targetHints":{"allow":["GET"]}}],"collection":[{"href":"https:\/\/foerderzentrum-poing.de\/index.php?rest_route=\/wp\/v2\/pages"}],"about":[{"href":"https:\/\/foerderzentrum-poing.de\/index.php?rest_route=\/wp\/v2\/types\/page"}],"author":[{"embeddable":true,"href":"https:\/\/foerderzentrum-poing.de\/index.php?rest_route=\/wp\/v2\/users\/1"}],"replies":[{"embeddable":true,"href":"https:\/\/foerderzentrum-poing.de\/index.php?rest_route=%2Fwp%2Fv2%2Fcomments&post=205"}],"version-history":[{"count":8,"href":"https:\/\/foerderzentrum-poing.de\/index.php?rest_route=\/wp\/v2\/pages\/205\/revisions"}],"predecessor-version":[{"id":1645,"href":"https:\/\/foerderzentrum-poing.de\/index.php?rest_route=\/wp\/v2\/pages\/205\/revisions\/1645"}],"up":[{"embeddable":true,"href":"https:\/\/foerderzentrum-poing.de\/index.php?rest_route=\/wp\/v2\/pages\/28"}],"wp:attachment":[{"href":"https:\/\/foerderzentrum-poing.de\/index.php?rest_route=%2Fwp%2Fv2%2Fmedia&parent=205"}],"curies":[{"name":"wp","href":"https:\/\/api.w.org\/{rel}","templated":true}]}}