{"id":263,"date":"2019-10-19T13:45:24","date_gmt":"2019-10-19T13:45:24","guid":{"rendered":"http:\/\/1.foerderzentrum-poing.de\/?page_id=263"},"modified":"2026-01-26T12:03:28","modified_gmt":"2026-01-26T11:03:28","slug":"schulaufsicht","status":"publish","type":"page","link":"https:\/\/foerderzentrum-poing.de\/?page_id=263","title":{"rendered":"Schulaufsicht"},"content":{"rendered":"<h3><span style=\"color: #333333;\">F\u00f6rderschulen in Oberbayern<\/span><\/h3>\n<p><span style=\"color: #333333;\">Von der Regierung von Oberbayern, Sachgebiet 41, werden zurzeit 122 F\u00f6rderschulen sowie 4 Schulen f\u00fcr Kranke schulaufsichtlich betreut. Darunter sind 54 staatliche Einrichtungen, 71 Schulen unter privater Tr\u00e4gerschaft sowie eine Berufsschule des Bezirks Oberbayern.<\/span><br \/>\n<span style=\"color: #333333;\">Es werden \u00fcberwiegend Kinder und Jugendliche unterrichtet, deren sonderp\u00e4dagogischer F\u00f6rderbedarf an der allgemeinen Schule nicht ausreichend erf\u00fcllt werden kann.<\/span><br \/>\n<span style=\"color: #333333;\">Schulen f\u00fcr Kranke k\u00fcmmern sich um Sch\u00fcler*innen, die aufgrund schwerer Erkrankung \u00fcber einen l\u00e4ngeren Zeitraum verhindert sind, am regul\u00e4ren Unterricht ihrer Stammschule teilzunehmen.<\/span><br \/>\n<span style=\"color: #333333;\">Mobile Dienste und Abordnungen unterst\u00fctzen die inklusiven Ma\u00dfnahmen f\u00fcr Kinder und Jugendliche mit sonderp\u00e4dagogischem F\u00f6rderbedarf in den allgemeinen Schulen.<\/span><\/p>\n<h3><span style=\"color: #333333;\">Zust\u00e4ndigkeit<\/span><\/h3>\n<p><span style=\"color: #333333;\">Die zust\u00e4ndige Stelle an der Regierung von Oberbayern ist das Sachgebiet 41.2 mit dem Regierungsreferenten :<br \/>\n<\/span><\/p>\n<p><strong><span style=\"color: #333333;\">Martin Tiefenmoser<\/span><\/strong><br \/>\n<strong><span style=\"color: #333333;\">Regierungsschuldirektor<\/span><\/strong><\/p>\n<p><span style=\"color: #333333;\">Telefon-Nr.: +49 (89) 2176-3299<\/span><br \/>\nEmail-Kontakt: foerderschulen@reg-ob.bayern.de<\/p>\n","protected":false},"excerpt":{"rendered":"<p>F\u00f6rderschulen in Oberbayern Von der Regierung von Oberbayern, Sachgebiet 41, werden zurzeit 122 F\u00f6rderschulen sowie 4 Schulen f\u00fcr Kranke schulaufsichtlich betreut. Darunter sind 54 staatliche Einrichtungen, 71 Schulen unter privater Tr\u00e4gerschaft sowie eine Berufsschule des Bezirks Oberbayern. Es werden \u00fcberwiegend Kinder und Jugendliche unterrichtet, deren sonderp\u00e4dagogischer F\u00f6rderbedarf an der allgemeinen Schule nicht ausreichend erf\u00fcllt werden kann. Schulen f\u00fcr Kranke k\u00fcmmern<\/p>\n","protected":false},"author":1,"featured_media":0,"parent":0,"menu_order":0,"comment_status":"closed","ping_status":"closed","template":"","meta":{"footnotes":""},"class_list":["post-263","page","type-page","status-publish","hentry"],"_links":{"self":[{"href":"https:\/\/foerderzentrum-poing.de\/index.php?rest_route=\/wp\/v2\/pages\/263","targetHints":{"allow":["GET"]}}],"collection":[{"href":"https:\/\/foerderzentrum-poing.de\/index.php?rest_route=\/wp\/v2\/pages"}],"about":[{"href":"https:\/\/foerderzentrum-poing.de\/index.php?rest_route=\/wp\/v2\/types\/page"}],"author":[{"embeddable":true,"href":"https:\/\/foerderzentrum-poing.de\/index.php?rest_route=\/wp\/v2\/users\/1"}],"replies":[{"embeddable":true,"href":"https:\/\/foerderzentrum-poing.de\/index.php?rest_route=%2Fwp%2Fv2%2Fcomments&post=263"}],"version-history":[{"count":4,"href":"https:\/\/foerderzentrum-poing.de\/index.php?rest_route=\/wp\/v2\/pages\/263\/revisions"}],"predecessor-version":[{"id":1725,"href":"https:\/\/foerderzentrum-poing.de\/index.php?rest_route=\/wp\/v2\/pages\/263\/revisions\/1725"}],"wp:attachment":[{"href":"https:\/\/foerderzentrum-poing.de\/index.php?rest_route=%2Fwp%2Fv2%2Fmedia&parent=263"}],"curies":[{"name":"wp","href":"https:\/\/api.w.org\/{rel}","templated":true}]}}