{"id":333,"date":"2020-01-09T13:00:39","date_gmt":"2020-01-09T13:00:39","guid":{"rendered":"http:\/\/1.foerderzentrum-poing.de\/?page_id=333"},"modified":"2025-07-03T14:33:14","modified_gmt":"2025-07-03T13:33:14","slug":"berufsvorbereitung","status":"publish","type":"page","link":"https:\/\/foerderzentrum-poing.de\/?page_id=333","title":{"rendered":"Berufsvorbereitung"},"content":{"rendered":"<h3><span style=\"color: #3366ff;\">Berufsvorbereitung<\/span><\/h3>\r\n<p><span style=\"color: #333333;\">Neben den Sch\u00fcler-\u00dcbungsfirmen und den Betriebspraktika werden noch weitere M\u00f6glichkeiten der Berufsvorbereitung angeboten<\/span><\/p>\r\n<h4><span style=\"color: #3366ff;\">1.\u00a0 BLO-Projekte<\/span><\/h4>\r\n<p><span style=\"color: #333333;\">Mit Hilfe von finanziellen Mitteln der Regierung von Oberbayern k\u00f6nnen wir immer wieder f\u00fcr Sch\u00fcler und Sch\u00fclerinnen der Klassen 7, 8 und 9 gr\u00f6\u00dfere berufsvorbereitende Projekte anbieten. <br \/><\/span><\/p>\r\n<h4><span style=\"color: #3366ff;\">2. Zusammenarbeit mit der Agentur f\u00fcr Arbeit<\/span><\/h4>\r\n<p><span style=\"color: #333333;\">In langen Jahren hat sich die intensive Zusammenarbeit mit der Arbeitsagentur M\u00fcnchen sehr bew\u00e4hrt. Hier kommt eine Mitarbeiterin der Arbeitsagentur in die\u00a0 Klassen 7, 8 und 9, l\u00e4dt die Klassen ins BIZ ein, organisiert die notwendigen Tests und Potentialanalysen, steht f\u00fcr Elternabende, Elternberatung und Sch\u00fcler-\/ Sch\u00fclerinnenberatung zur Verf\u00fcgung und arbeitet sehr eng mit den betreffenden Klassenlehrkr\u00e4ften zusammen.<\/span><\/p>\r\n<h4><span style=\"color: #3366ff;\">3.\u00a0 Erweiterte und vertiefte Berufsorientierung<\/span><\/h4>\r\n<p><span style=\"color: #333333;\">Die Seerosenschule bietet in Zusammenarbeit mit der Bundesanstalt f\u00fcr Arbeit und dem Staatsministerium f\u00fcr Unterricht und Kultus Ma\u00dfnahmen der erweiterten vertieften Berufsorientierung (BOM) an. Hier werden je Schuljahr ein bis zwei Module \u201eBerufsorientierungscamps\u201c bzw. \u201eBewerbungstraining\u201c f\u00fcr die Jahrgangsstufen 7 und 8 angeboten.<\/span><\/p>\r\n<h4><span style=\"color: #3366ff;\">4.\u00a0 Zusammenarbeit mit dem Berufsbildungswerk Kirchseeon BoK<\/span><\/h4>\r\n<p><span style=\"color: #333333;\">Die Seerosenschule beteiligt sich am Programm zur \u201eF\u00f6rderung der Berufsorientierung in \u00fcberbetrieblichen und vergleichbaren Berufsbildungsst\u00e4tten\u201c. Gegenstand des Projekts sind Berufsorientierungsma\u00dfnahmen f\u00fcr Sch\u00fclerinnen und Sch\u00fcler der Klassen 7 bis 9 am SFZ. Sie bestehen aus mehreren Modulen:<\/span><\/p>\r\n<ol>\r\n<li><span style=\"color: #333333;\">eine Potentialanalyse in der 7. Klasse<\/span><\/li>\r\n<li><span style=\"color: #333333;\">&#8222;F\u00fcnf Tage \u2013 F\u00fcnf Berufe&#8220; = Werkstatttage im BBW in der 7. Klasse<\/span><\/li>\r\n<li><span style=\"color: #333333;\">F\u00fcnf Werkstatttage in einem Beruf in der 8. Klasse<\/span><\/li>\r\n<\/ol>\r\n<h4><span style=\"color: #3366ff;\">5. Berufseinstiegsbegleitung (BerEB) in Kooperation mit der<br \/><\/span><span style=\"color: #3366ff;\">\u00a0\u00a0\u00a0 Kolping Bildungsagentur gemeinn\u00fctzige GmbH<br \/><\/span><\/h4>\r\n<p>Die Berufseinstiegsbegleitung unterst\u00fctzt Sch\u00fclerinnen und Sch\u00fcler im \u00dcbergang von der Schule in eine berufliche Ausbildung.<\/p>\r\n<p><strong>Schwerpunkte der Begleitung:<\/strong><\/p>\r\n<ul>\r\n<li>Unterst\u00fctzung bei der Erreichung des Schulabschlusses<\/li>\r\n<li>Berufsorientierung und Berufswahl<\/li>\r\n<li>Bewerbungstraining und Erstellen von Bewerbungsunterlagen<\/li>\r\n<li>Praktikums- und Ausbildungsplatzsuche<\/li>\r\n<li>Begleitung zwischen Schule und Berufsausbildung<\/li>\r\n<li>Integration in eine Berufsausbildung<\/li>\r\n<li>Stabilisierung des Ausbildungsverh\u00e4ltnisses w\u00e4hrend der Probezeit<\/li>\r\n<\/ul>\r\n<p><strong>Teilnahmedauer:<\/strong><\/p>\r\n<ul>\r\n<li>Start nach dem Zwischenzeugnis der 8. Klasse am 1. M\u00e4rz (Vorsicht! Begrenzte Anzahl an Teilnahmepl\u00e4tzen! Einstieg m\u00f6glich solange Pl\u00e4tze frei sind)<\/li>\r\n<li>Ende nach erfolgreicher Probezeit im Ausbildungsbetrieb oder in der Berufsfachschule (in der Regel ein halbes Jahr nach Beginn der Berufsausbildung)<\/li>\r\n<\/ul>\r\n<p>Die Teilnahme an der Berufseinstiegsbegleitung ist f\u00fcr Sch\u00fclerinnen und Sch\u00fcler kostenlos. Die Teilnahmepl\u00e4tze sind begrenzt. Die Ma\u00dfnahme wird \u00fcber die Bundesagentur f\u00fcr Arbeit und das Bayerische Staatsministerium f\u00fcr Unterricht und Kultus finanziert und von der Kolping Bildungsagentur gemeinn\u00fctzige GmbH durchgef\u00fchrt.<\/p>\r\n<h4><span style=\"color: #3366ff;\">6. Schnuppern in der Berufsschule<\/span><\/h4>\r\n<p><span style=\"color: #333333;\">Zus\u00e4tzlich gibt es seit mehreren Jahren eine Kooperation zwischen verschiedenen Berufsschulen und der Seerosenschule. Hier besuchen Sch\u00fcler*innen der 9. Klasse zu Beginn des Schuljahres einen Schnupperunterricht in einer Berufsschul-Anf\u00e4ngerklasse. Au\u00dferdem haben die Lehrkr\u00e4fte und die 9. Klasse die Gelegenheit zur Hospitation in der Berufsschule.<\/span><\/p>\r\n<h4><span style=\"color: #3366ff;\">7. M\u00f6glichkeiten des Landkreises<\/span><\/h4>\r\n<p><span style=\"color: #333333;\">Der Kreishandwerksmeister im Landkreis Ebersberg steht im Rahmen des Projekts <em>zur F\u00f6rderung der Berufseinm\u00fcndung<\/em> f\u00fcr Elternberatung, Elternabende sowie f\u00fcr Gespr\u00e4che mit Sch\u00fclerinnen und Sch\u00fcler und den Lehrkr\u00e4ften zur Verf\u00fcgung.<\/span><\/p>\r\n\r\n<p>&nbsp;<\/p>\r\n","protected":false},"excerpt":{"rendered":"<p>Berufsvorbereitung Neben den Sch\u00fcler-\u00dcbungsfirmen und den Betriebspraktika werden noch weitere M\u00f6glichkeiten der Berufsvorbereitung angeboten 1.\u00a0 BLO-Projekte Mit Hilfe von finanziellen Mitteln der Regierung von Oberbayern k\u00f6nnen wir immer wieder f\u00fcr Sch\u00fcler und Sch\u00fclerinnen der Klassen 7, 8 und 9 gr\u00f6\u00dfere berufsvorbereitende Projekte anbieten. 2. Zusammenarbeit mit der Agentur f\u00fcr Arbeit In langen Jahren hat sich die intensive Zusammenarbeit mit der<\/p>\n","protected":false},"author":1,"featured_media":0,"parent":28,"menu_order":3,"comment_status":"closed","ping_status":"closed","template":"","meta":{"footnotes":""},"class_list":["post-333","page","type-page","status-publish","hentry"],"_links":{"self":[{"href":"https:\/\/foerderzentrum-poing.de\/index.php?rest_route=\/wp\/v2\/pages\/333","targetHints":{"allow":["GET"]}}],"collection":[{"href":"https:\/\/foerderzentrum-poing.de\/index.php?rest_route=\/wp\/v2\/pages"}],"about":[{"href":"https:\/\/foerderzentrum-poing.de\/index.php?rest_route=\/wp\/v2\/types\/page"}],"author":[{"embeddable":true,"href":"https:\/\/foerderzentrum-poing.de\/index.php?rest_route=\/wp\/v2\/users\/1"}],"replies":[{"embeddable":true,"href":"https:\/\/foerderzentrum-poing.de\/index.php?rest_route=%2Fwp%2Fv2%2Fcomments&post=333"}],"version-history":[{"count":19,"href":"https:\/\/foerderzentrum-poing.de\/index.php?rest_route=\/wp\/v2\/pages\/333\/revisions"}],"predecessor-version":[{"id":1675,"href":"https:\/\/foerderzentrum-poing.de\/index.php?rest_route=\/wp\/v2\/pages\/333\/revisions\/1675"}],"up":[{"embeddable":true,"href":"https:\/\/foerderzentrum-poing.de\/index.php?rest_route=\/wp\/v2\/pages\/28"}],"wp:attachment":[{"href":"https:\/\/foerderzentrum-poing.de\/index.php?rest_route=%2Fwp%2Fv2%2Fmedia&parent=333"}],"curies":[{"name":"wp","href":"https:\/\/api.w.org\/{rel}","templated":true}]}}