{"id":34,"date":"2019-05-18T13:02:06","date_gmt":"2019-05-18T13:02:06","guid":{"rendered":"http:\/\/1.foerderzentrum-poing.de\/?page_id=34"},"modified":"2024-05-10T09:10:56","modified_gmt":"2024-05-10T08:10:56","slug":"eltern","status":"publish","type":"page","link":"https:\/\/foerderzentrum-poing.de\/?page_id=34","title":{"rendered":"Eltern"},"content":{"rendered":"<h3><span style=\"color: #333333;\">Der Elternbeirat der Seerosenschule:<br \/>\n<\/span><\/h3>\n<p>&nbsp;<\/p>\n<p><span style=\"color: #333333;\"><span class=\"fontstyle0\">Der Elternbeirat der Seerosenschule besteht aus 12 offiziellen Mitgliedern.<\/span><\/span><\/p>\n<p><span style=\"color: #333333;\"><span class=\"fontstyle0\">Wir sind zw\u00f6lf M\u00fctter und V\u00e4ter und sehen in diesem Ehrenamt eine interessante und sinnvolle Aufgabe. Jederzeit sind wir f\u00fcr Anregungen, W\u00fcnsche oder Kritik offen. Sie k\u00f6nnen uns pers\u00f6nlich ansprechen oder eine E-Mail an <\/span><strong><span class=\"fontstyle0\">sekretariat@schule.bayern.de <\/span><\/strong><span class=\"fontstyle0\">schicken. Nat\u00fcrlich freuen wir uns auch \u00fcber positive R\u00fcckmeldungen! Hin und wieder werden wir Ihre Unterst\u00fctzung ben\u00f6tigen. Wir hoffen, dass wir dann auf Sie z\u00e4hlen k\u00f6nnen!<br \/>\nWenn Sie sich \u00fcber unsere Aktivit\u00e4ten informieren m\u00f6chten, dann schauen Sie auf unserer Facebook-Seite vorbei: <\/span><a style=\"color: #333333;\" href=\"http:\/\/facebook.com\/ElternbeiratSeerosenschule\"><strong><span class=\"fontstyle2\">facebook.com\/ElternbeiratSeerosenschule<\/span><\/strong><\/a><span class=\"fontstyle0\">.<br \/>\nWir verlinken hier auch interessante Informationen.<\/span><\/span><\/p>\n<p><span class=\"fontstyle0\" style=\"color: #333333;\">Wir freuen uns auf die Zusammenarbeit mit Ihnen und der gesamten Schulfamilie!<br \/>\n<em>Ihr Elternbeirat<\/em><\/span><\/p>\n","protected":false},"excerpt":{"rendered":"<p>Der Elternbeirat der Seerosenschule: &nbsp; Der Elternbeirat der Seerosenschule besteht aus 12 offiziellen Mitgliedern. Wir sind zw\u00f6lf M\u00fctter und V\u00e4ter und sehen in diesem Ehrenamt eine interessante und sinnvolle Aufgabe. Jederzeit sind wir f\u00fcr Anregungen, W\u00fcnsche oder Kritik offen. Sie k\u00f6nnen uns pers\u00f6nlich ansprechen oder eine E-Mail an sekretariat@schule.bayern.de schicken. Nat\u00fcrlich freuen wir uns auch \u00fcber positive R\u00fcckmeldungen! Hin und<\/p>\n","protected":false},"author":1,"featured_media":0,"parent":0,"menu_order":0,"comment_status":"closed","ping_status":"closed","template":"","meta":{"footnotes":""},"class_list":["post-34","page","type-page","status-publish","hentry"],"_links":{"self":[{"href":"https:\/\/foerderzentrum-poing.de\/index.php?rest_route=\/wp\/v2\/pages\/34","targetHints":{"allow":["GET"]}}],"collection":[{"href":"https:\/\/foerderzentrum-poing.de\/index.php?rest_route=\/wp\/v2\/pages"}],"about":[{"href":"https:\/\/foerderzentrum-poing.de\/index.php?rest_route=\/wp\/v2\/types\/page"}],"author":[{"embeddable":true,"href":"https:\/\/foerderzentrum-poing.de\/index.php?rest_route=\/wp\/v2\/users\/1"}],"replies":[{"embeddable":true,"href":"https:\/\/foerderzentrum-poing.de\/index.php?rest_route=%2Fwp%2Fv2%2Fcomments&post=34"}],"version-history":[{"count":9,"href":"https:\/\/foerderzentrum-poing.de\/index.php?rest_route=\/wp\/v2\/pages\/34\/revisions"}],"predecessor-version":[{"id":1467,"href":"https:\/\/foerderzentrum-poing.de\/index.php?rest_route=\/wp\/v2\/pages\/34\/revisions\/1467"}],"wp:attachment":[{"href":"https:\/\/foerderzentrum-poing.de\/index.php?rest_route=%2Fwp%2Fv2%2Fmedia&parent=34"}],"curies":[{"name":"wp","href":"https:\/\/api.w.org\/{rel}","templated":true}]}}