{"id":91,"date":"2019-05-29T16:42:48","date_gmt":"2019-05-29T16:42:48","guid":{"rendered":"http:\/\/1.foerderzentrum-poing.de\/?page_id=91"},"modified":"2025-07-02T12:54:00","modified_gmt":"2025-07-02T11:54:00","slug":"gtk","status":"publish","type":"page","link":"https:\/\/foerderzentrum-poing.de\/?page_id=91","title":{"rendered":"GTK"},"content":{"rendered":"<h3><span style=\"color: #3366ff;\">Die Ganztagesklassen an der Seerosenschule Poing<\/span><\/h3>\n<h4><span style=\"color: #3366ff;\">Gestaltung des Unterrichts im Ganztag ab der 5. Klasse<\/span><\/h4>\n<p>Im Rahmen der Ganztagesklasse findet an den Tagen von Montag bis Freitag in den ersten sechs Schulstunden regul\u00e4rer Klassenunterricht statt. W\u00e4hrend des Klassenunterrichts werden einzelne Stunden durch Zweitlehrkr\u00e4fte oder F\u00f6rderlehrer unterst\u00fctzt, um den Sch\u00fclerinnen und Sch\u00fclern den bestm\u00f6glichen Lernzuwachs zu erm\u00f6glichen.<\/p>\n<p>In den Tagen von Montag bis Donnerstag gehen die Kinder mittags in die Mensa der benachbarten Realschule bzw. in die Poinger Einkehr zum gemeinsamen Mittagessen. Begleitet werden sie in der Zeit von externen Angestellten und einer Lehrkraft.<\/p>\n<p>Nach der Mittagspause findet entweder normaler Klassenunterricht oder ein Projekt statt. Die Projekte werden sowohl von externen Angestellten als auch von Lehrkr\u00e4ften angeboten.<\/p>\n<p>&nbsp;<\/p>\n","protected":false},"excerpt":{"rendered":"<p>Die Ganztagesklassen an der Seerosenschule Poing Gestaltung des Unterrichts im Ganztag ab der 5. Klasse Im Rahmen der Ganztagesklasse findet an den Tagen von Montag bis Freitag in den ersten sechs Schulstunden regul\u00e4rer Klassenunterricht statt. W\u00e4hrend des Klassenunterrichts werden einzelne Stunden durch Zweitlehrkr\u00e4fte oder F\u00f6rderlehrer unterst\u00fctzt, um den Sch\u00fclerinnen und Sch\u00fclern den bestm\u00f6glichen Lernzuwachs zu erm\u00f6glichen. In den Tagen von<\/p>\n","protected":false},"author":1,"featured_media":0,"parent":0,"menu_order":0,"comment_status":"closed","ping_status":"closed","template":"","meta":{"footnotes":""},"class_list":["post-91","page","type-page","status-publish","hentry"],"_links":{"self":[{"href":"https:\/\/foerderzentrum-poing.de\/index.php?rest_route=\/wp\/v2\/pages\/91","targetHints":{"allow":["GET"]}}],"collection":[{"href":"https:\/\/foerderzentrum-poing.de\/index.php?rest_route=\/wp\/v2\/pages"}],"about":[{"href":"https:\/\/foerderzentrum-poing.de\/index.php?rest_route=\/wp\/v2\/types\/page"}],"author":[{"embeddable":true,"href":"https:\/\/foerderzentrum-poing.de\/index.php?rest_route=\/wp\/v2\/users\/1"}],"replies":[{"embeddable":true,"href":"https:\/\/foerderzentrum-poing.de\/index.php?rest_route=%2Fwp%2Fv2%2Fcomments&post=91"}],"version-history":[{"count":13,"href":"https:\/\/foerderzentrum-poing.de\/index.php?rest_route=\/wp\/v2\/pages\/91\/revisions"}],"predecessor-version":[{"id":1641,"href":"https:\/\/foerderzentrum-poing.de\/index.php?rest_route=\/wp\/v2\/pages\/91\/revisions\/1641"}],"wp:attachment":[{"href":"https:\/\/foerderzentrum-poing.de\/index.php?rest_route=%2Fwp%2Fv2%2Fmedia&parent=91"}],"curies":[{"name":"wp","href":"https:\/\/api.w.org\/{rel}","templated":true}]}}